{"id":505,"date":"2013-07-23T13:39:41","date_gmt":"2013-07-23T13:39:41","guid":{"rendered":"http:\/\/tufiestamolamazo.wordpress.com\/?page_id=1"},"modified":"2024-11-13T13:27:58","modified_gmt":"2024-11-13T12:27:58","slug":"about","status":"publish","type":"page","link":"https:\/\/tufiestamolamazo.com\/blog\/about\/","title":{"rendered":"Con\u00f3cenos"},"content":{"rendered":"<p><a href=\"http:\/\/tufiestamolamazo.files.wordpress.com\/2013\/07\/best-free-email-clients.png\"><img decoding=\"async\" class=\"alignleft  wp-image-37\" alt=\"Tu Fiesta Mola Mazo\" src=\"http:\/\/tufiestamolamazo.files.wordpress.com\/2013\/07\/best-free-email-clients.png?w=300\" width=\"118\" height=\"106\" srcset=\"https:\/\/tufiestamolamazo.com\/blog\/wp-content\/uploads\/2013\/07\/best-free-email-clients.png 408w, https:\/\/tufiestamolamazo.com\/blog\/wp-content\/uploads\/2013\/07\/best-free-email-clients-300x270.png 300w\" sizes=\"(max-width: 118px) 100vw, 118px\" \/><\/a>\u00bfC\u00f3mo surgi\u00f3 Tu fiesta mola mazo? Un d\u00eda cualquiera, como tantos otros, un mail nos propuso cambiar nuestras vidas. \u00bfSu contenido? Un negocio con futuro y lleno de diversi\u00f3n. Tu fiesta mola mazo termin\u00f3 por cambiar nuestras vidas\u2026<\/p>\n<p>Tu fiesta mola mazo es <strong>una empresa fundada en 2013<\/strong> que<strong> se orienta a la venta de todo tipo productos para fiestas y en la organizaci\u00f3n de las mismas<\/strong>.<\/p>\n<p>Nuestro principal objetivo es ofrecer la mayor calidad de productos a nuestros clientes, lo que nos convierte en una empresa emprendedora y din\u00e1mica.<\/p>\n<p style=\"text-align:center;\"><a title=\"Web de Tu Fiesta Mola Mazo\" href=\"http:\/\/tufiestamolamazo.com\" target=\"_blank\" rel=\"noopener\"><strong>www.tufiestamolamazo.com<\/strong><\/a><\/p>\n","protected":false},"excerpt":{"rendered":"<p>\u00bfC\u00f3mo surgi\u00f3 Tu fiesta mola mazo? Un d\u00eda cualquiera, como tantos otros, un mail nos propuso cambiar nuestras vidas. \u00bfSu contenido? Un negocio con futuro y lleno de diversi\u00f3n. Tu fiesta mola mazo termin\u00f3 por cambiar nuestras vidas\u2026 Tu fiesta mola mazo es una empresa fundada en 2013 que se orienta a la venta de [&hellip;]<\/p>\n","protected":false},"author":1,"featured_media":0,"parent":0,"menu_order":0,"comment_status":"closed","ping_status":"open","template":"","meta":{"_eb_attr":"","ocean_post_layout":"","ocean_both_sidebars_style":"","ocean_both_sidebars_content_width":0,"ocean_both_sidebars_sidebars_width":0,"ocean_sidebar":"","ocean_second_sidebar":"","ocean_disable_margins":"enable","ocean_add_body_class":"","ocean_shortcode_before_top_bar":"","ocean_shortcode_after_top_bar":"","ocean_shortcode_before_header":"","ocean_shortcode_after_header":"","ocean_has_shortcode":"","ocean_shortcode_after_title":"","ocean_shortcode_before_footer_widgets":"","ocean_shortcode_after_footer_widgets":"","ocean_shortcode_before_footer_bottom":"","ocean_shortcode_after_footer_bottom":"","ocean_display_top_bar":"default","ocean_display_header":"default","ocean_header_style":"","ocean_center_header_left_menu":"","ocean_custom_header_template":"","ocean_custom_logo":0,"ocean_custom_retina_logo":0,"ocean_custom_logo_max_width":0,"ocean_custom_logo_tablet_max_width":0,"ocean_custom_logo_mobile_max_width":0,"ocean_custom_logo_max_height":0,"ocean_custom_logo_tablet_max_height":0,"ocean_custom_logo_mobile_max_height":0,"ocean_header_custom_menu":"","ocean_menu_typo_font_family":"","ocean_menu_typo_font_subset":"","ocean_menu_typo_font_size":0,"ocean_menu_typo_font_size_tablet":0,"ocean_menu_typo_font_size_mobile":0,"ocean_menu_typo_font_size_unit":"px","ocean_menu_typo_font_weight":"","ocean_menu_typo_font_weight_tablet":"","ocean_menu_typo_font_weight_mobile":"","ocean_menu_typo_transform":"","ocean_menu_typo_transform_tablet":"","ocean_menu_typo_transform_mobile":"","ocean_menu_typo_line_height":0,"ocean_menu_typo_line_height_tablet":0,"ocean_menu_typo_line_height_mobile":0,"ocean_menu_typo_line_height_unit":"","ocean_menu_typo_spacing":0,"ocean_menu_typo_spacing_tablet":0,"ocean_menu_typo_spacing_mobile":0,"ocean_menu_typo_spacing_unit":"","ocean_menu_link_color":"","ocean_menu_link_color_hover":"","ocean_menu_link_color_active":"","ocean_menu_link_background":"","ocean_menu_link_hover_background":"","ocean_menu_link_active_background":"","ocean_menu_social_links_bg":"","ocean_menu_social_hover_links_bg":"","ocean_menu_social_links_color":"","ocean_menu_social_hover_links_color":"","ocean_disable_title":"default","ocean_disable_heading":"default","ocean_post_title":"","ocean_post_subheading":"","ocean_post_title_style":"","ocean_post_title_background_color":"","ocean_post_title_background":0,"ocean_post_title_bg_image_position":"","ocean_post_title_bg_image_attachment":"","ocean_post_title_bg_image_repeat":"","ocean_post_title_bg_image_size":"","ocean_post_title_height":0,"ocean_post_title_bg_overlay":0.5,"ocean_post_title_bg_overlay_color":"","ocean_disable_breadcrumbs":"default","ocean_breadcrumbs_color":"","ocean_breadcrumbs_separator_color":"","ocean_breadcrumbs_links_color":"","ocean_breadcrumbs_links_hover_color":"","ocean_display_footer_widgets":"default","ocean_display_footer_bottom":"default","ocean_custom_footer_template":"","footnotes":""},"class_list":["post-505","page","type-page","status-publish","hentry","entry"],"yoast_head":"<!-- This site is optimized with the Yoast SEO plugin v19.7.2 - https:\/\/yoast.com\/wordpress\/plugins\/seo\/ -->\n<title>Con\u00f3cenos - Tu Fiesta Mola Mazo<\/title>\n<meta name=\"robots\" content=\"index, follow, max-snippet:-1, max-image-preview:large, max-video-preview:-1\" \/>\n<link rel=\"canonical\" href=\"https:\/\/tufiestamolamazo.com\/blog\/about\/\" \/>\n<meta property=\"og:locale\" content=\"es_ES\" \/>\n<meta property=\"og:type\" content=\"article\" \/>\n<meta property=\"og:title\" content=\"Con\u00f3cenos - Tu Fiesta Mola Mazo\" \/>\n<meta property=\"og:description\" content=\"\u00bfC\u00f3mo surgi\u00f3 Tu fiesta mola mazo? Un d\u00eda cualquiera, como tantos otros, un mail nos propuso cambiar nuestras vidas. \u00bfSu contenido? Un negocio con futuro y lleno de diversi\u00f3n. Tu fiesta mola mazo termin\u00f3 por cambiar nuestras vidas\u2026 Tu fiesta mola mazo es una empresa fundada en 2013 que se orienta a la venta de [&hellip;]\" \/>\n<meta property=\"og:url\" content=\"https:\/\/tufiestamolamazo.com\/blog\/about\/\" \/>\n<meta property=\"og:site_name\" content=\"Tu Fiesta Mola Mazo\" \/>\n<meta property=\"article:publisher\" content=\"https:\/\/www.facebook.com\/tufiesta.molamazo\" \/>\n<meta property=\"article:modified_time\" content=\"2024-11-13T12:27:58+00:00\" \/>\n<meta property=\"og:image\" content=\"http:\/\/tufiestamolamazo.files.wordpress.com\/2013\/07\/best-free-email-clients.png?w=300\" \/>\n<meta name=\"twitter:card\" content=\"summary_large_image\" \/>\n<meta name=\"twitter:site\" content=\"@FiestaMolaMazo\" \/>\n<script type=\"application\/ld+json\" class=\"yoast-schema-graph\">{\"@context\":\"https:\/\/schema.org\",\"@graph\":[{\"@type\":\"WebPage\",\"@id\":\"https:\/\/tufiestamolamazo.com\/blog\/about\/\",\"url\":\"https:\/\/tufiestamolamazo.com\/blog\/about\/\",\"name\":\"Con\u00f3cenos - Tu Fiesta Mola Mazo\",\"isPartOf\":{\"@id\":\"https:\/\/tufiestamolamazo.com\/blog\/#website\"},\"datePublished\":\"2013-07-23T13:39:41+00:00\",\"dateModified\":\"2024-11-13T12:27:58+00:00\",\"breadcrumb\":{\"@id\":\"https:\/\/tufiestamolamazo.com\/blog\/about\/#breadcrumb\"},\"inLanguage\":\"es\",\"potentialAction\":[{\"@type\":\"ReadAction\",\"target\":[\"https:\/\/tufiestamolamazo.com\/blog\/about\/\"]}]},{\"@type\":\"BreadcrumbList\",\"@id\":\"https:\/\/tufiestamolamazo.com\/blog\/about\/#breadcrumb\",\"itemListElement\":[{\"@type\":\"ListItem\",\"position\":1,\"name\":\"Portada\",\"item\":\"https:\/\/tufiestamolamazo.com\/blog\/\"},{\"@type\":\"ListItem\",\"position\":2,\"name\":\"Con\u00f3cenos\"}]},{\"@type\":\"WebSite\",\"@id\":\"https:\/\/tufiestamolamazo.com\/blog\/#website\",\"url\":\"https:\/\/tufiestamolamazo.com\/blog\/\",\"name\":\"Tu Fiesta Mola Mazo\",\"description\":\"\u00a1Custom\u00edzate tus fiestas!\",\"publisher\":{\"@id\":\"https:\/\/tufiestamolamazo.com\/blog\/#organization\"},\"potentialAction\":[{\"@type\":\"SearchAction\",\"target\":{\"@type\":\"EntryPoint\",\"urlTemplate\":\"https:\/\/tufiestamolamazo.com\/blog\/?s={search_term_string}\"},\"query-input\":\"required name=search_term_string\"}],\"inLanguage\":\"es\"},{\"@type\":\"Organization\",\"@id\":\"https:\/\/tufiestamolamazo.com\/blog\/#organization\",\"name\":\"Tu Fiesta Mola Mazo\",\"url\":\"https:\/\/tufiestamolamazo.com\/blog\/\",\"sameAs\":[\"https:\/\/www.instagram.com\/fiestamolamazo\/\",\"https:\/\/www.linkedin.com\/company\/tu-fiesta-mola-mazo\/\",\"https:\/\/www.pinterest.es\/FiestaMolaMazo\/\",\"https:\/\/www.facebook.com\/tufiesta.molamazo\",\"https:\/\/twitter.com\/FiestaMolaMazo\"],\"logo\":{\"@type\":\"ImageObject\",\"inLanguage\":\"es\",\"@id\":\"https:\/\/tufiestamolamazo.com\/blog\/#\/schema\/logo\/image\/\",\"url\":\"https:\/\/tufiestamolamazo.com\/blog\/wp-content\/uploads\/2019\/04\/tu-fiesta-mola-mazo-logo-1477646342.png\",\"contentUrl\":\"https:\/\/tufiestamolamazo.com\/blog\/wp-content\/uploads\/2019\/04\/tu-fiesta-mola-mazo-logo-1477646342.png\",\"width\":300,\"height\":117,\"caption\":\"Tu Fiesta Mola Mazo\"},\"image\":{\"@id\":\"https:\/\/tufiestamolamazo.com\/blog\/#\/schema\/logo\/image\/\"}}]}<\/script>\n<!-- \/ Yoast SEO plugin. -->","yoast_head_json":{"title":"Con\u00f3cenos - Tu Fiesta Mola Mazo","robots":{"index":"index","follow":"follow","max-snippet":"max-snippet:-1","max-image-preview":"max-image-preview:large","max-video-preview":"max-video-preview:-1"},"canonical":"https:\/\/tufiestamolamazo.com\/blog\/about\/","og_locale":"es_ES","og_type":"article","og_title":"Con\u00f3cenos - Tu Fiesta Mola Mazo","og_description":"\u00bfC\u00f3mo surgi\u00f3 Tu fiesta mola mazo? Un d\u00eda cualquiera, como tantos otros, un mail nos propuso cambiar nuestras vidas. \u00bfSu contenido? Un negocio con futuro y lleno de diversi\u00f3n. Tu fiesta mola mazo termin\u00f3 por cambiar nuestras vidas\u2026 Tu fiesta mola mazo es una empresa fundada en 2013 que se orienta a la venta de [&hellip;]","og_url":"https:\/\/tufiestamolamazo.com\/blog\/about\/","og_site_name":"Tu Fiesta Mola Mazo","article_publisher":"https:\/\/www.facebook.com\/tufiesta.molamazo","article_modified_time":"2024-11-13T12:27:58+00:00","og_image":[{"url":"http:\/\/tufiestamolamazo.files.wordpress.com\/2013\/07\/best-free-email-clients.png?w=300"}],"twitter_card":"summary_large_image","twitter_site":"@FiestaMolaMazo","schema":{"@context":"https:\/\/schema.org","@graph":[{"@type":"WebPage","@id":"https:\/\/tufiestamolamazo.com\/blog\/about\/","url":"https:\/\/tufiestamolamazo.com\/blog\/about\/","name":"Con\u00f3cenos - Tu Fiesta Mola Mazo","isPartOf":{"@id":"https:\/\/tufiestamolamazo.com\/blog\/#website"},"datePublished":"2013-07-23T13:39:41+00:00","dateModified":"2024-11-13T12:27:58+00:00","breadcrumb":{"@id":"https:\/\/tufiestamolamazo.com\/blog\/about\/#breadcrumb"},"inLanguage":"es","potentialAction":[{"@type":"ReadAction","target":["https:\/\/tufiestamolamazo.com\/blog\/about\/"]}]},{"@type":"BreadcrumbList","@id":"https:\/\/tufiestamolamazo.com\/blog\/about\/#breadcrumb","itemListElement":[{"@type":"ListItem","position":1,"name":"Portada","item":"https:\/\/tufiestamolamazo.com\/blog\/"},{"@type":"ListItem","position":2,"name":"Con\u00f3cenos"}]},{"@type":"WebSite","@id":"https:\/\/tufiestamolamazo.com\/blog\/#website","url":"https:\/\/tufiestamolamazo.com\/blog\/","name":"Tu Fiesta Mola Mazo","description":"\u00a1Custom\u00edzate tus fiestas!","publisher":{"@id":"https:\/\/tufiestamolamazo.com\/blog\/#organization"},"potentialAction":[{"@type":"SearchAction","target":{"@type":"EntryPoint","urlTemplate":"https:\/\/tufiestamolamazo.com\/blog\/?s={search_term_string}"},"query-input":"required name=search_term_string"}],"inLanguage":"es"},{"@type":"Organization","@id":"https:\/\/tufiestamolamazo.com\/blog\/#organization","name":"Tu Fiesta Mola Mazo","url":"https:\/\/tufiestamolamazo.com\/blog\/","sameAs":["https:\/\/www.instagram.com\/fiestamolamazo\/","https:\/\/www.linkedin.com\/company\/tu-fiesta-mola-mazo\/","https:\/\/www.pinterest.es\/FiestaMolaMazo\/","https:\/\/www.facebook.com\/tufiesta.molamazo","https:\/\/twitter.com\/FiestaMolaMazo"],"logo":{"@type":"ImageObject","inLanguage":"es","@id":"https:\/\/tufiestamolamazo.com\/blog\/#\/schema\/logo\/image\/","url":"https:\/\/tufiestamolamazo.com\/blog\/wp-content\/uploads\/2019\/04\/tu-fiesta-mola-mazo-logo-1477646342.png","contentUrl":"https:\/\/tufiestamolamazo.com\/blog\/wp-content\/uploads\/2019\/04\/tu-fiesta-mola-mazo-logo-1477646342.png","width":300,"height":117,"caption":"Tu Fiesta Mola Mazo"},"image":{"@id":"https:\/\/tufiestamolamazo.com\/blog\/#\/schema\/logo\/image\/"}}]}},"_links":{"self":[{"href":"https:\/\/tufiestamolamazo.com\/blog\/wp-json\/wp\/v2\/pages\/505"}],"collection":[{"href":"https:\/\/tufiestamolamazo.com\/blog\/wp-json\/wp\/v2\/pages"}],"about":[{"href":"https:\/\/tufiestamolamazo.com\/blog\/wp-json\/wp\/v2\/types\/page"}],"author":[{"embeddable":true,"href":"https:\/\/tufiestamolamazo.com\/blog\/wp-json\/wp\/v2\/users\/1"}],"replies":[{"embeddable":true,"href":"https:\/\/tufiestamolamazo.com\/blog\/wp-json\/wp\/v2\/comments?post=505"}],"version-history":[{"count":1,"href":"https:\/\/tufiestamolamazo.com\/blog\/wp-json\/wp\/v2\/pages\/505\/revisions"}],"predecessor-version":[{"id":2675,"href":"https:\/\/tufiestamolamazo.com\/blog\/wp-json\/wp\/v2\/pages\/505\/revisions\/2675"}],"wp:attachment":[{"href":"https:\/\/tufiestamolamazo.com\/blog\/wp-json\/wp\/v2\/media?parent=505"}],"curies":[{"name":"wp","href":"https:\/\/api.w.org\/{rel}","templated":true}]}}